{"id":8409,"date":"2024-01-15T08:21:46","date_gmt":"2024-01-15T08:21:46","guid":{"rendered":"https:\/\/www.sidler.swiss\/?page_id=8409"},"modified":"2026-02-13T15:51:11","modified_gmt":"2026-02-13T15:51:11","slug":"miroir-lumineux","status":"publish","type":"page","link":"https:\/\/www.sidler.swiss\/fr\/miroir-lumineux\/","title":{"rendered":"MIROIR LUMINEUX"},"content":{"rendered":"\t\t<div data-elementor-type=\"wp-post\" data-elementor-id=\"8409\" class=\"elementor elementor-8409\">\n\t\t\t\t\t\t<section class=\"elementor-section elementor-top-section elementor-element elementor-element-3325f17b elementor-section-full_width elementor-section-height-default elementor-section-height-default\" data-id=\"3325f17b\" data-element_type=\"section\" data-e-type=\"section\" data-settings=\"{&quot;background_background&quot;:&quot;gradient&quot;}\">\n\t\t\t\t\t\t<div class=\"elementor-container elementor-column-gap-default\">\n\t\t\t\t\t<div class=\"elementor-column elementor-col-100 elementor-top-column elementor-element elementor-element-6bf1fa5d\" data-id=\"6bf1fa5d\" data-element_type=\"column\" data-e-type=\"column\">\n\t\t\t<div class=\"elementor-widget-wrap elementor-element-populated\">\n\t\t\t\t\t\t<div class=\"elementor-element elementor-element-80b395f elementor-widget elementor-widget-heading\" data-id=\"80b395f\" data-element_type=\"widget\" data-e-type=\"widget\" data-widget_type=\"heading.default\">\n\t\t\t\t<div class=\"elementor-widget-container\">\n\t\t\t\t\t<h3 class=\"elementor-heading-title elementor-size-default\">COLLECTION MIROIR LUMINEUX<\/h3>\t\t\t\t<\/div>\n\t\t\t\t<\/div>\n\t\t\t\t<section class=\"elementor-section elementor-inner-section elementor-element elementor-element-7787710 elementor-section-boxed elementor-section-height-default elementor-section-height-default\" data-id=\"7787710\" data-element_type=\"section\" data-e-type=\"section\">\n\t\t\t\t\t\t<div class=\"elementor-container elementor-column-gap-default\">\n\t\t\t\t\t<div class=\"elementor-column elementor-col-100 elementor-inner-column elementor-element elementor-element-0684808\" data-id=\"0684808\" data-element_type=\"column\" data-e-type=\"column\">\n\t\t\t<div class=\"elementor-widget-wrap elementor-element-populated\">\n\t\t\t\t\t\t<div class=\"elementor-element elementor-element-6752b63 elementor-widget elementor-widget-shortcode\" data-id=\"6752b63\" data-element_type=\"widget\" data-e-type=\"widget\" data-widget_type=\"shortcode.default\">\n\t\t\t\t<div class=\"elementor-widget-container\">\n\t\t\t\t\t\t\t<div class=\"elementor-shortcode\"><div class=\"product-collection-grid\"><div class=\"product-collection\"><a href=\"https:\/\/www.sidler.swiss\/fr\/eliss\/\"><img decoding=\"async\" src=\"https:\/\/www.sidler.swiss\/wp-content\/uploads\/2026\/01\/elliss_thumb.png\" class=\"product-collection-img\"><div class=\"product-collection-text\">ELISS<\/div><\/a><\/div><div class=\"product-collection\"><a href=\"https:\/\/www.sidler.swiss\/fr\/xamo-miroir-lumineuxxamo\/\"><img decoding=\"async\" src=\"https:\/\/www.sidler.swiss\/wp-content\/uploads\/2024\/01\/sidler_XAMO.png\" class=\"product-collection-img\"><div class=\"product-collection-text\">XAMO<\/div><\/a><\/div><div class=\"product-collection\"><a href=\"https:\/\/www.sidler.swiss\/fr\/focus-miroir-lumineux\/\"><img decoding=\"async\" src=\"https:\/\/www.sidler.swiss\/wp-content\/uploads\/2024\/01\/sidler_FOCUS.png\" class=\"product-collection-img\"><div class=\"product-collection-text\">FOCUS<\/div><\/a><\/div><div class=\"product-collection\"><a href=\"https:\/\/www.sidler.swiss\/fr\/quadro-miroir-lumineuxquadro\/\"><img decoding=\"async\" src=\"https:\/\/www.sidler.swiss\/wp-content\/uploads\/2024\/01\/sidler_QUADRO.png\" class=\"product-collection-img\"><div class=\"product-collection-text\">QUADRO<\/div><\/a><\/div><div class=\"product-collection\"><a href=\"https:\/\/www.sidler.swiss\/fr\/sphera-miroir-lumineuxsphera\/\"><img decoding=\"async\" src=\"https:\/\/www.sidler.swiss\/wp-content\/uploads\/2024\/01\/sidler_SPHERA.png\" class=\"product-collection-img\"><div class=\"product-collection-text\">SPHERA<\/div><\/a><\/div><\/div><\/div>\n\t\t\t\t\t\t<\/div>\n\t\t\t\t<\/div>\n\t\t\t\t\t<\/div>\n\t\t<\/div>\n\t\t\t\t\t<\/div>\n\t\t<\/section>\n\t\t\t\t\t<\/div>\n\t\t<\/div>\n\t\t\t\t\t<\/div>\n\t\t<\/section>\n\t\t\t\t<section class=\"elementor-section elementor-top-section elementor-element elementor-element-564592bb elementor-section-boxed elementor-section-height-default elementor-section-height-default\" data-id=\"564592bb\" data-element_type=\"section\" data-e-type=\"section\" data-settings=\"{&quot;background_background&quot;:&quot;classic&quot;}\">\n\t\t\t\t\t\t<div class=\"elementor-container elementor-column-gap-default\">\n\t\t\t\t\t<div class=\"elementor-column elementor-col-100 elementor-top-column elementor-element elementor-element-5c3086f7\" data-id=\"5c3086f7\" data-element_type=\"column\" data-e-type=\"column\">\n\t\t\t<div class=\"elementor-widget-wrap elementor-element-populated\">\n\t\t\t\t\t\t<div class=\"elementor-element elementor-element-52653b37 elementor-widget elementor-widget-heading\" data-id=\"52653b37\" data-element_type=\"widget\" data-e-type=\"widget\" data-widget_type=\"heading.default\">\n\t\t\t\t<div class=\"elementor-widget-container\">\n\t\t\t\t\t<h3 class=\"elementor-heading-title elementor-size-default\">NOUS SOMMES HEUREUX DE VOUS AIDER<\/h3>\t\t\t\t<\/div>\n\t\t\t\t<\/div>\n\t\t\t\t<div class=\"elementor-element elementor-element-4d9c1fe7 elementor-widget elementor-widget-heading\" data-id=\"4d9c1fe7\" data-element_type=\"widget\" data-e-type=\"widget\" data-widget_type=\"heading.default\">\n\t\t\t\t<div class=\"elementor-widget-container\">\n\t\t\t\t\t<span class=\"elementor-heading-title elementor-size-default\">\u00c9crivez-nous ou appelez-nous. Nous serons heureux de vous conseiller. Utilisez la recherche de revendeurs pour trouver votre sp\u00e9cialiste en armoires de toilette lumineuses pr\u00e8s de chez vous.<\/br>\nPour ne manquer aucune nouvelle de Sidler, il vous suffit de vous abonner \u00e0 notre bulletin d'information.<\/span>\t\t\t\t<\/div>\n\t\t\t\t<\/div>\n\t\t\t\t<section class=\"elementor-section elementor-inner-section elementor-element elementor-element-140628de elementor-section-boxed elementor-section-height-default elementor-section-height-default\" data-id=\"140628de\" data-element_type=\"section\" data-e-type=\"section\">\n\t\t\t\t\t\t<div class=\"elementor-container elementor-column-gap-default\">\n\t\t\t\t\t<div class=\"elementor-column elementor-col-100 elementor-inner-column elementor-element elementor-element-133e7137\" data-id=\"133e7137\" data-element_type=\"column\" data-e-type=\"column\">\n\t\t\t<div class=\"elementor-widget-wrap elementor-element-populated\">\n\t\t\t\t\t\t<div class=\"elementor-element elementor-element-70b98b74 elementor-widget elementor-widget-html\" data-id=\"70b98b74\" data-element_type=\"widget\" data-e-type=\"widget\" data-widget_type=\"html.default\">\n\t\t\t\t<div class=\"elementor-widget-container\">\n\t\t\t\t\t<div class=\"contact-section\">\n    <a onclick=\"showDiv()\"><img decoding=\"async\" src=\"\/wp-content\/uploads\/2019\/06\/sidler-telephone.png\"\/><\/a>\n    <a href=\"mailto:info@sidler.swiss\"><img decoding=\"async\" src=\"\/wp-content\/uploads\/2019\/06\/sidler-email.png\"\/><\/a>\n    <a href=\"\/fr\/recherche-de-revendeurs\/\"><img decoding=\"async\" src=\"\/wp-content\/uploads\/2019\/06\/sidler-address.png\"\/><\/a>\n    <a class=\"popup-newsletter-link\" onclick=\"showNewsletterDiv()\" ><img decoding=\"async\" src=\"\/wp-content\/uploads\/2020\/03\/newsletter.png\"\/><\/a>\n<\/div>\n<div id=\"telefon\" class=\"overlay\">\n\t<div class=\"popup\">\n\t\t<div class=\"close\" onclick=\"hideDiv()\">&times;<\/div>\n\t\t<div class=\"content\">\n\t\t\tNum\u00e9ro de t\u00e9l\u00e9phone: +41714669010\n\t\t<\/div>\n\t<\/div>\n<\/div>\n<div id=\"popup-newsletter\" class=\"overlay\">\n\t<div class=\"popup-newsletter\">\n\t\t<div class=\"close\" onclick=\"hideNewsletterDiv()\">&times;<\/div>\n\t\t<div class=\"content\">\n\t\t\t\n<div class=\"wpcf7 no-js\" id=\"wpcf7-f3054-o1\" lang=\"en-US\" dir=\"ltr\" data-wpcf7-id=\"3054\">\n<div class=\"screen-reader-response\"><p role=\"status\" aria-live=\"polite\" aria-atomic=\"true\"><\/p> <ul><\/ul><\/div>\n<form action=\"\/fr\/wp-json\/wp\/v2\/pages\/8409#wpcf7-f3054-o1\" method=\"post\" class=\"wpcf7-form init popup-newsletter-form\" aria-label=\"Contact form\" novalidate=\"novalidate\" data-status=\"init\">\n<fieldset class=\"hidden-fields-container\"><input type=\"hidden\" name=\"_wpcf7\" value=\"3054\" \/><input type=\"hidden\" name=\"_wpcf7_version\" value=\"6.1.5\" \/><input type=\"hidden\" name=\"_wpcf7_locale\" value=\"en_US\" \/><input type=\"hidden\" name=\"_wpcf7_unit_tag\" value=\"wpcf7-f3054-o1\" \/><input type=\"hidden\" name=\"_wpcf7_container_post\" value=\"0\" \/><input type=\"hidden\" name=\"_wpcf7_posted_data_hash\" value=\"\" \/><input type=\"hidden\" name=\"_wpcf7cf_hidden_group_fields\" value=\"[]\" \/><input type=\"hidden\" name=\"_wpcf7cf_hidden_groups\" value=\"[]\" \/><input type=\"hidden\" name=\"_wpcf7cf_visible_groups\" value=\"[]\" \/><input type=\"hidden\" name=\"_wpcf7cf_repeaters\" value=\"[]\" \/><input type=\"hidden\" name=\"_wpcf7cf_steps\" value=\"{}\" \/><input type=\"hidden\" name=\"_wpcf7cf_options\" value=\"{&quot;form_id&quot;:3054,&quot;conditions&quot;:[],&quot;settings&quot;:{&quot;animation&quot;:&quot;yes&quot;,&quot;animation_intime&quot;:200,&quot;animation_outtime&quot;:200,&quot;conditions_ui&quot;:&quot;normal&quot;,&quot;notice_dismissed&quot;:false,&quot;repeater_remove_button&quot;:&quot;bottom&quot;,&quot;notice_dismissed_rollback-cf7-5.8.3&quot;:true,&quot;notice_dismissed_rollback-cf7-6.1&quot;:true,&quot;notice_dismissed_rollback-cf7-6.1.1&quot;:true}}\" \/><input type=\"hidden\" name=\"_wpcf7_recaptcha_response\" value=\"\" \/>\n<\/fieldset>\n<div class=\"popup-newsletter-name\">\n\t<p><span>Nom*:<span><br \/>\n<span class=\"wpcf7-form-control-wrap\" data-name=\"client-name\"><input size=\"40\" maxlength=\"400\" class=\"wpcf7-form-control wpcf7-text wpcf7-validates-as-required\" aria-required=\"true\" aria-invalid=\"false\" value=\"\" type=\"text\" name=\"client-name\" \/><\/span><br \/>\n<\/span><\/span>\n\t<\/p>\n<\/div>\n<div class=\"popup-newsletter-email\">\n\t<p><span>Email*:<span><br \/>\n<span class=\"wpcf7-form-control-wrap\" data-name=\"client-email\"><input size=\"40\" maxlength=\"400\" class=\"wpcf7-form-control wpcf7-email wpcf7-validates-as-required wpcf7-text wpcf7-validates-as-email\" aria-required=\"true\" aria-invalid=\"false\" value=\"\" type=\"email\" name=\"client-email\" \/><\/span><br \/>\n<\/span><\/span>\n\t<\/p>\n<\/div>\n<div class=\"popup-newsletter-phone\">\n\t<p><span>T\u00e9l\u00e9phone*:<span><br \/>\n<span class=\"wpcf7-form-control-wrap\" data-name=\"client-telephone\"><input size=\"40\" maxlength=\"400\" class=\"wpcf7-form-control wpcf7-tel wpcf7-validates-as-required wpcf7-text wpcf7-validates-as-tel\" aria-required=\"true\" aria-invalid=\"false\" value=\"\" type=\"tel\" name=\"client-telephone\" \/><\/span><br \/>\n<\/span><\/span>\n\t<\/p>\n<\/div>\n<p><span class=\"wpcf7-form-control-wrap\" data-name=\"datenschutz\"><span class=\"wpcf7-form-control wpcf7-acceptance\"><span class=\"wpcf7-list-item\"><label><input type=\"checkbox\" name=\"datenschutz\" value=\"1\" aria-invalid=\"false\" \/><span class=\"wpcf7-list-item-label\">En vous inscrivant \u00e0 la lettre d'information, vous acceptez que vos donn\u00e9es soient enregistr\u00e9es par Sidler Metallwaren AG \u00e0 cette fin. Les donn\u00e9es ne seront pas transmises \u00e0 d'autres personnes. Un retrait ult\u00e9rieur de votre consentement est possible \u00e0 tout moment. Vous trouverez de plus amples informations et notes sous \u2013 <a href=\"\/fr\/politique-de-confidentialite\/\">Protection des donn\u00e9es<\/a><\/span><\/label><\/span><\/span><\/span><br \/>\n<input class=\"wpcf7-form-control wpcf7-submit has-spinner\" type=\"submit\" value=\"Envoyer\" \/>\n<\/p><div class=\"wpcf7-response-output\" aria-hidden=\"true\"><\/div>\n<\/form>\n<\/div>\n\n\t\t<\/div>\n\t<\/div>\n<\/div>\n<script>\nfunction showDiv() {\n   document.getElementById('telefon').classList.add(\"showphone\");\n}\nfunction hideDiv() {\n   document.getElementById('telefon').classList.remove(\"showphone\");\n}\nfunction showNewsletterDiv() {\n   document.getElementById('popup-newsletter').classList.add(\"showphone\");\n}\nfunction hideNewsletterDiv() {\n   document.getElementById('popup-newsletter').classList.remove(\"showphone\");\n}\n<\/script>\t\t\t\t<\/div>\n\t\t\t\t<\/div>\n\t\t\t\t\t<\/div>\n\t\t<\/div>\n\t\t\t\t\t<\/div>\n\t\t<\/section>\n\t\t\t\t\t<\/div>\n\t\t<\/div>\n\t\t\t\t\t<\/div>\n\t\t<\/section>\n\t\t\t\t<\/div>\n\t\t","protected":false},"excerpt":{"rendered":"<p>COLLECTION MIROIR LUMINEUX NOUS SOMMES HEUREUX DE VOUS AIDER \u00c9crivez-nous ou appelez-nous. Nous serons heureux de vous conseiller. Utilisez la recherche de revendeurs pour trouver votre sp\u00e9cialiste en armoires de toilette lumineuses pr\u00e8s de chez vous. Pour ne manquer aucune nouvelle de Sidler, il vous suffit de vous abonner \u00e0 notre bulletin d&rsquo;information. &times; Num\u00e9ro [&hellip;]<\/p>\n","protected":false},"author":10,"featured_media":0,"parent":0,"menu_order":0,"comment_status":"closed","ping_status":"closed","template":"elementor_header_footer","meta":{"_acf_changed":false,"ocean_post_layout":"","ocean_both_sidebars_style":"","ocean_both_sidebars_content_width":0,"ocean_both_sidebars_sidebars_width":0,"ocean_sidebar":"0","ocean_second_sidebar":"0","ocean_disable_margins":"enable","ocean_add_body_class":"","ocean_shortcode_before_top_bar":"","ocean_shortcode_after_top_bar":"","ocean_shortcode_before_header":"","ocean_shortcode_after_header":"","ocean_has_shortcode":"","ocean_shortcode_after_title":"","ocean_shortcode_before_footer_widgets":"","ocean_shortcode_after_footer_widgets":"","ocean_shortcode_before_footer_bottom":"","ocean_shortcode_after_footer_bottom":"","ocean_display_top_bar":"default","ocean_display_header":"default","ocean_header_style":"minimal","ocean_center_header_left_menu":"0","ocean_custom_header_template":"0","ocean_custom_logo":0,"ocean_custom_retina_logo":0,"ocean_custom_logo_max_width":0,"ocean_custom_logo_tablet_max_width":0,"ocean_custom_logo_mobile_max_width":0,"ocean_custom_logo_max_height":0,"ocean_custom_logo_tablet_max_height":0,"ocean_custom_logo_mobile_max_height":0,"ocean_header_custom_menu":"0","ocean_menu_typo_font_family":"0","ocean_menu_typo_font_subset":"","ocean_menu_typo_font_size":0,"ocean_menu_typo_font_size_tablet":0,"ocean_menu_typo_font_size_mobile":0,"ocean_menu_typo_font_size_unit":"px","ocean_menu_typo_font_weight":"","ocean_menu_typo_font_weight_tablet":"","ocean_menu_typo_font_weight_mobile":"","ocean_menu_typo_transform":"","ocean_menu_typo_transform_tablet":"","ocean_menu_typo_transform_mobile":"","ocean_menu_typo_line_height":0,"ocean_menu_typo_line_height_tablet":0,"ocean_menu_typo_line_height_mobile":0,"ocean_menu_typo_line_height_unit":"","ocean_menu_typo_spacing":0,"ocean_menu_typo_spacing_tablet":0,"ocean_menu_typo_spacing_mobile":0,"ocean_menu_typo_spacing_unit":"","ocean_menu_link_color":"","ocean_menu_link_color_hover":"","ocean_menu_link_color_active":"","ocean_menu_link_background":"","ocean_menu_link_hover_background":"","ocean_menu_link_active_background":"","ocean_menu_social_links_bg":"","ocean_menu_social_hover_links_bg":"","ocean_menu_social_links_color":"","ocean_menu_social_hover_links_color":"","ocean_disable_title":"default","ocean_disable_heading":"default","ocean_post_title":"","ocean_post_subheading":"","ocean_post_title_style":"","ocean_post_title_background_color":"","ocean_post_title_background":0,"ocean_post_title_bg_image_position":"","ocean_post_title_bg_image_attachment":"","ocean_post_title_bg_image_repeat":"","ocean_post_title_bg_image_size":"","ocean_post_title_height":0,"ocean_post_title_bg_overlay":0.5,"ocean_post_title_bg_overlay_color":"","ocean_disable_breadcrumbs":"default","ocean_breadcrumbs_color":"","ocean_breadcrumbs_separator_color":"","ocean_breadcrumbs_links_color":"","ocean_breadcrumbs_links_hover_color":"","ocean_display_footer_widgets":"default","ocean_display_footer_bottom":"default","ocean_custom_footer_template":"2220","footnotes":""},"produktkategorie":[],"class_list":["post-8409","page","type-page","status-publish","hentry","entry","has-media"],"acf":[],"yoast_head":"<!-- This site is optimized with the Yoast SEO plugin v27.5 - https:\/\/yoast.com\/product\/yoast-seo-wordpress\/ -->\n<title>Miroirs lumineux Sidler \u2013 un design exceptionnel de qualit\u00e9 suisse | Sidler<\/title>\n<meta name=\"description\" content=\"D\u00e9couvrez des miroirs lumineux \u00e0 la pointe de la modernit\u00e9. Avec leur design haut de gamme, ils trouveront leur place dans toutes les salles de bain.\" \/>\n<meta name=\"robots\" content=\"index, follow, max-snippet:-1, max-image-preview:large, max-video-preview:-1\" \/>\n<link rel=\"canonical\" href=\"https:\/\/www.sidler.swiss\/fr\/miroir-lumineux\/\" \/>\n<meta property=\"og:locale\" content=\"fr_FR\" \/>\n<meta property=\"og:type\" content=\"article\" \/>\n<meta property=\"og:title\" content=\"Miroirs lumineux Sidler \u2013 un design exceptionnel de qualit\u00e9 suisse | Sidler\" \/>\n<meta property=\"og:description\" content=\"D\u00e9couvrez des miroirs lumineux \u00e0 la pointe de la modernit\u00e9. Avec leur design haut de gamme, ils trouveront leur place dans toutes les salles de bain.\" \/>\n<meta property=\"og:url\" content=\"https:\/\/www.sidler.swiss\/fr\/miroir-lumineux\/\" \/>\n<meta property=\"og:site_name\" content=\"Sidler\" \/>\n<meta property=\"article:modified_time\" content=\"2026-02-13T15:51:11+00:00\" \/>\n<meta name=\"twitter:card\" content=\"summary_large_image\" \/>\n<meta name=\"twitter:label1\" content=\"Dur\u00e9e de lecture estim\u00e9e\" \/>\n\t<meta name=\"twitter:data1\" content=\"2 minutes\" \/>\n<script type=\"application\/ld+json\" class=\"yoast-schema-graph\">{\"@context\":\"https:\\\/\\\/schema.org\",\"@graph\":[{\"@type\":\"WebPage\",\"@id\":\"https:\\\/\\\/www.sidler.swiss\\\/fr\\\/miroir-lumineux\\\/\",\"url\":\"https:\\\/\\\/www.sidler.swiss\\\/fr\\\/miroir-lumineux\\\/\",\"name\":\"Miroirs lumineux Sidler \u2013 un design exceptionnel de qualit\u00e9 suisse | Sidler\",\"isPartOf\":{\"@id\":\"https:\\\/\\\/www.sidler.swiss\\\/fr\\\/#website\"},\"datePublished\":\"2024-01-15T08:21:46+00:00\",\"dateModified\":\"2026-02-13T15:51:11+00:00\",\"description\":\"D\u00e9couvrez des miroirs lumineux \u00e0 la pointe de la modernit\u00e9. Avec leur design haut de gamme, ils trouveront leur place dans toutes les salles de bain.\",\"breadcrumb\":{\"@id\":\"https:\\\/\\\/www.sidler.swiss\\\/fr\\\/miroir-lumineux\\\/#breadcrumb\"},\"inLanguage\":\"fr-FR\",\"potentialAction\":[{\"@type\":\"ReadAction\",\"target\":[\"https:\\\/\\\/www.sidler.swiss\\\/fr\\\/miroir-lumineux\\\/\"]}]},{\"@type\":\"BreadcrumbList\",\"@id\":\"https:\\\/\\\/www.sidler.swiss\\\/fr\\\/miroir-lumineux\\\/#breadcrumb\",\"itemListElement\":[{\"@type\":\"ListItem\",\"position\":1,\"name\":\"Home\",\"item\":\"https:\\\/\\\/www.sidler.swiss\\\/fr\\\/\"},{\"@type\":\"ListItem\",\"position\":2,\"name\":\"MIROIR LUMINEUX\"}]},{\"@type\":\"WebSite\",\"@id\":\"https:\\\/\\\/www.sidler.swiss\\\/fr\\\/#website\",\"url\":\"https:\\\/\\\/www.sidler.swiss\\\/fr\\\/\",\"name\":\"SIDLER Metallwaren\",\"description\":\"\",\"publisher\":{\"@id\":\"https:\\\/\\\/www.sidler.swiss\\\/fr\\\/#organization\"},\"potentialAction\":[{\"@type\":\"SearchAction\",\"target\":{\"@type\":\"EntryPoint\",\"urlTemplate\":\"https:\\\/\\\/www.sidler.swiss\\\/fr\\\/?s={search_term_string}\"},\"query-input\":{\"@type\":\"PropertyValueSpecification\",\"valueRequired\":true,\"valueName\":\"search_term_string\"}}],\"inLanguage\":\"fr-FR\"},{\"@type\":\"Organization\",\"@id\":\"https:\\\/\\\/www.sidler.swiss\\\/fr\\\/#organization\",\"name\":\"SIDLER Metallwaren AG\",\"url\":\"https:\\\/\\\/www.sidler.swiss\\\/fr\\\/\",\"logo\":{\"@type\":\"ImageObject\",\"inLanguage\":\"fr-FR\",\"@id\":\"https:\\\/\\\/www.sidler.swiss\\\/fr\\\/#\\\/schema\\\/logo\\\/image\\\/\",\"url\":\"https:\\\/\\\/www.sidler.swiss\\\/wp-content\\\/uploads\\\/2019\\\/06\\\/sidler.png\",\"contentUrl\":\"https:\\\/\\\/www.sidler.swiss\\\/wp-content\\\/uploads\\\/2019\\\/06\\\/sidler.png\",\"width\":424,\"height\":102,\"caption\":\"SIDLER Metallwaren AG\"},\"image\":{\"@id\":\"https:\\\/\\\/www.sidler.swiss\\\/fr\\\/#\\\/schema\\\/logo\\\/image\\\/\"}}]}<\/script>\n<!-- \/ Yoast SEO plugin. -->","yoast_head_json":{"title":"Miroirs lumineux Sidler \u2013 un design exceptionnel de qualit\u00e9 suisse | Sidler","description":"D\u00e9couvrez des miroirs lumineux \u00e0 la pointe de la modernit\u00e9. Avec leur design haut de gamme, ils trouveront leur place dans toutes les salles de bain.","robots":{"index":"index","follow":"follow","max-snippet":"max-snippet:-1","max-image-preview":"max-image-preview:large","max-video-preview":"max-video-preview:-1"},"canonical":"https:\/\/www.sidler.swiss\/fr\/miroir-lumineux\/","og_locale":"fr_FR","og_type":"article","og_title":"Miroirs lumineux Sidler \u2013 un design exceptionnel de qualit\u00e9 suisse | Sidler","og_description":"D\u00e9couvrez des miroirs lumineux \u00e0 la pointe de la modernit\u00e9. Avec leur design haut de gamme, ils trouveront leur place dans toutes les salles de bain.","og_url":"https:\/\/www.sidler.swiss\/fr\/miroir-lumineux\/","og_site_name":"Sidler","article_modified_time":"2026-02-13T15:51:11+00:00","twitter_card":"summary_large_image","twitter_misc":{"Dur\u00e9e de lecture estim\u00e9e":"2 minutes"},"schema":{"@context":"https:\/\/schema.org","@graph":[{"@type":"WebPage","@id":"https:\/\/www.sidler.swiss\/fr\/miroir-lumineux\/","url":"https:\/\/www.sidler.swiss\/fr\/miroir-lumineux\/","name":"Miroirs lumineux Sidler \u2013 un design exceptionnel de qualit\u00e9 suisse | Sidler","isPartOf":{"@id":"https:\/\/www.sidler.swiss\/fr\/#website"},"datePublished":"2024-01-15T08:21:46+00:00","dateModified":"2026-02-13T15:51:11+00:00","description":"D\u00e9couvrez des miroirs lumineux \u00e0 la pointe de la modernit\u00e9. Avec leur design haut de gamme, ils trouveront leur place dans toutes les salles de bain.","breadcrumb":{"@id":"https:\/\/www.sidler.swiss\/fr\/miroir-lumineux\/#breadcrumb"},"inLanguage":"fr-FR","potentialAction":[{"@type":"ReadAction","target":["https:\/\/www.sidler.swiss\/fr\/miroir-lumineux\/"]}]},{"@type":"BreadcrumbList","@id":"https:\/\/www.sidler.swiss\/fr\/miroir-lumineux\/#breadcrumb","itemListElement":[{"@type":"ListItem","position":1,"name":"Home","item":"https:\/\/www.sidler.swiss\/fr\/"},{"@type":"ListItem","position":2,"name":"MIROIR LUMINEUX"}]},{"@type":"WebSite","@id":"https:\/\/www.sidler.swiss\/fr\/#website","url":"https:\/\/www.sidler.swiss\/fr\/","name":"SIDLER Metallwaren","description":"","publisher":{"@id":"https:\/\/www.sidler.swiss\/fr\/#organization"},"potentialAction":[{"@type":"SearchAction","target":{"@type":"EntryPoint","urlTemplate":"https:\/\/www.sidler.swiss\/fr\/?s={search_term_string}"},"query-input":{"@type":"PropertyValueSpecification","valueRequired":true,"valueName":"search_term_string"}}],"inLanguage":"fr-FR"},{"@type":"Organization","@id":"https:\/\/www.sidler.swiss\/fr\/#organization","name":"SIDLER Metallwaren AG","url":"https:\/\/www.sidler.swiss\/fr\/","logo":{"@type":"ImageObject","inLanguage":"fr-FR","@id":"https:\/\/www.sidler.swiss\/fr\/#\/schema\/logo\/image\/","url":"https:\/\/www.sidler.swiss\/wp-content\/uploads\/2019\/06\/sidler.png","contentUrl":"https:\/\/www.sidler.swiss\/wp-content\/uploads\/2019\/06\/sidler.png","width":424,"height":102,"caption":"SIDLER Metallwaren AG"},"image":{"@id":"https:\/\/www.sidler.swiss\/fr\/#\/schema\/logo\/image\/"}}]}},"_links":{"self":[{"href":"https:\/\/www.sidler.swiss\/fr\/wp-json\/wp\/v2\/pages\/8409","targetHints":{"allow":["GET"]}}],"collection":[{"href":"https:\/\/www.sidler.swiss\/fr\/wp-json\/wp\/v2\/pages"}],"about":[{"href":"https:\/\/www.sidler.swiss\/fr\/wp-json\/wp\/v2\/types\/page"}],"author":[{"embeddable":true,"href":"https:\/\/www.sidler.swiss\/fr\/wp-json\/wp\/v2\/users\/10"}],"replies":[{"embeddable":true,"href":"https:\/\/www.sidler.swiss\/fr\/wp-json\/wp\/v2\/comments?post=8409"}],"version-history":[{"count":0,"href":"https:\/\/www.sidler.swiss\/fr\/wp-json\/wp\/v2\/pages\/8409\/revisions"}],"wp:attachment":[{"href":"https:\/\/www.sidler.swiss\/fr\/wp-json\/wp\/v2\/media?parent=8409"}],"wp:term":[{"taxonomy":"produktkategorie","embeddable":true,"href":"https:\/\/www.sidler.swiss\/fr\/wp-json\/wp\/v2\/produktkategorie?post=8409"}],"curies":[{"name":"wp","href":"https:\/\/api.w.org\/{rel}","templated":true}]}}