{"id":8196,"date":"2023-11-06T09:03:33","date_gmt":"2023-11-06T09:03:33","guid":{"rendered":"https:\/\/www.sidler.swiss\/agb\/"},"modified":"2024-10-07T09:06:18","modified_gmt":"2024-10-07T09:06:18","slug":"cgv-french","status":"publish","type":"page","link":"https:\/\/www.sidler.swiss\/fr\/cgv-french\/","title":{"rendered":"CGV French"},"content":{"rendered":"\t\t<div data-elementor-type=\"wp-page\" data-elementor-id=\"8196\" class=\"elementor elementor-8196\">\n\t\t\t\t\t\t<section class=\"elementor-section elementor-top-section elementor-element elementor-element-5e5209de elementor-section-boxed elementor-section-height-default elementor-section-height-default\" data-id=\"5e5209de\" data-element_type=\"section\" data-e-type=\"section\">\n\t\t\t\t\t\t<div class=\"elementor-container elementor-column-gap-default\">\n\t\t\t\t\t<div class=\"elementor-column elementor-col-100 elementor-top-column elementor-element elementor-element-361c4537\" data-id=\"361c4537\" data-element_type=\"column\" data-e-type=\"column\">\n\t\t\t<div class=\"elementor-widget-wrap elementor-element-populated\">\n\t\t\t\t\t\t<div class=\"elementor-element elementor-element-c9ddcc5 elementor-widget elementor-widget-heading\" data-id=\"c9ddcc5\" data-element_type=\"widget\" data-e-type=\"widget\" data-widget_type=\"heading.default\">\n\t\t\t\t<div class=\"elementor-widget-container\">\n\t\t\t\t\t<h2 class=\"elementor-heading-title elementor-size-default\">Conditions g\u00e9n\u00e9rales de vente et\nde livraison<\/h2>\t\t\t\t<\/div>\n\t\t\t\t<\/div>\n\t\t\t\t<div class=\"elementor-element elementor-element-5a11aa33 elementor-widget elementor-widget-text-editor\" data-id=\"5a11aa33\" data-element_type=\"widget\" data-e-type=\"widget\" data-widget_type=\"text-editor.default\">\n\t\t\t\t<div class=\"elementor-widget-container\">\n\t\t\t\t\t\t\t\t\t<p><\/p>\n<p>A<b>cceptation des conditions<\/b><br>\nToutes nos offres et ordres sont assujettis \u00e0 nos conditions g\u00e9n\u00e9rales de vente et de livraison. Des exceptions ne prennent que force de loi, ci elles sont confirm\u00e9es par le fournisseur<br>\npar \u00e9crit.<br><br><b>D\u00e9lais de livraison<\/b><br>\nLes d\u00e9lais de livraison sont sp\u00e9cifi\u00e9s sans engagement. Des droits \u00e0 des peines conventionnelles ou \u00e0 des dommages int\u00e9r\u00eats en raison de non-livraison ou d\u00e9passement du d\u00e9lai seront refus\u00e9s. Des livraisons partielles sont autoris\u00e9es.<br><br>G<b>arantie<\/b><br>\nUne garantie de deux ans est accord\u00e9e pour des d\u00e9fauts cach\u00e9s, a partir de la date de la livraison. La garantie s\u2018\u00e9tend le remplacement des pi\u00e8ces d\u00e9tach\u00e9es ou produits d\u00e9fectueux. D\u2018autres pr\u00e9tentions en dommage int\u00e9r\u00eats seront refus\u00e9es. Les composants de l\u2018installation \u00e9lectrique, qui sont soumis \u00e0 l\u2018usure naturelle sont exclus de la garantie. Les conditions suivantes doivent \u00eatre remplies pour que la garantie soit accord\u00e9e:<br><ul><li>Une notification du d\u00e9faut par \u00e9crit: a la r\u00e9ception de la notification nous nous r\u00e9servons le droit de v\u00e9rifier nous-m\u00eame le d\u00e9faut<\/li><li>Le produit a \u00e9t\u00e9 installe et traite de mani\u00e8re professionnelle<\/li><li>Le vice doit etre ramen\u00e9 a un d\u00e9faut de mati\u00e8re ou de fabrication<\/li><\/ul><br><b>R\u00e9serve de propri\u00e9t\u00e9<\/b><br>\nLa marchandise livr\u00e9e demeure notre propri\u00e9t\u00e9 jusqu\u2018au payement complet de celles-ci.<br><br><b>Contr\u00f4le de la livraison<\/b><br>\nL\u2018acheteur est oblig\u00e9 de v\u00e9rifier imm\u00e9diatement la livraison. Des r\u00e9clamations pour d\u00e9fauts doivent \u00eatre notifi\u00e9s au plus tard 8 jours apr\u00e8s r\u00e9ception de la marchandise. La livraison sera consid\u00e9r\u00e9e comme accepte si aucune r\u00e9clamation de ce genre ne nous parvient dans les d\u00e9lais impartis. D\u00e9g\u00e2ts de transport doivent \u00eatre sp\u00e9cifi\u00e9s comme tel. L\u2018acheteur doit rendre compte de ces d\u00e9g\u00e2ts \u00e0 l\u2018entreprise de transport et \u00e0 SIDLER Metallwaren AG.<br><br><b>R\u00e9clamations pour d\u00e9faut, responsabilit\u00e9<\/b><br>\nLes r\u00e9clamations pour d\u00e9faut sont a faire aussit\u00f4t par \u00e9crit tout en indiquant les raisons. II faut les faire valoir au plus tard 8 jours apr\u00e8s la r\u00e9ception de la marchandise. Des produits<br>\nde remplacement sont livr\u00e9s en cas de r\u00e9clamations l\u00e9gitimes. D\u2018autres pr\u00e9tentions de quelque nature seront exclues.<br><br>R<b>envois<\/b><br>\nUne reprise de marchandise est soumise aux conditions suivantes:<br><ul><li>Une reprise doit \u00eatre convenue pr\u00e9alablement avec SIDLER Metallwaren AG<\/li><li>Pour cr\u00e9diter le renvoi, la marchandise doit passer notre syst\u00e8me de contr\u00f4le<\/li><li>En tous cas nous chargeons 30% sur le montant pay\u00e9 pour notre travail<\/li><li>Les renvois sont en tout cas a effectuer franco domicile<\/li><\/ul><b><br>Payement<\/b><br>\nToutes les factures doivent \u00eatre pay\u00e9s au terme d\u2018\u00e9ch\u00e9ance&nbsp;convenue. Lorsque le terme d\u2018\u00e9ch\u00e9ance n\u2018est pas respect\u00e9 le client sera tenu de verser sur la cr\u00e9ance des int\u00e9r\u00eats<br>\nmoratoires.<br><br>L<b>ieu d\u2018ex\u00e9cution et le for<\/b><br>\nLe lieu d\u2018ex\u00e9cution et le for est Romanshorn.&nbsp;<br><\/p>\n<p><\/p>\t\t\t\t\t\t\t\t<\/div>\n\t\t\t\t<\/div>\n\t\t\t\t<div class=\"elementor-element elementor-element-3b4f347 elementor-widget elementor-widget-button\" data-id=\"3b4f347\" data-element_type=\"widget\" data-e-type=\"widget\" data-widget_type=\"button.default\">\n\t\t\t\t<div class=\"elementor-widget-container\">\n\t\t\t\t\t\t\t\t\t<div class=\"elementor-button-wrapper\">\n\t\t\t\t\t<a class=\"elementor-button elementor-button-link elementor-size-sm\" href=\"https:\/\/www.sidler.swiss\/wp-content\/uploads\/2023\/11\/agb.pdf\" target=\"_blank\">\n\t\t\t\t\t\t<span class=\"elementor-button-content-wrapper\">\n\t\t\t\t\t\t\t\t\t<span class=\"elementor-button-text\">Download<\/span>\n\t\t\t\t\t<\/span>\n\t\t\t\t\t<\/a>\n\t\t\t\t<\/div>\n\t\t\t\t\t\t\t\t<\/div>\n\t\t\t\t<\/div>\n\t\t\t\t\t<\/div>\n\t\t<\/div>\n\t\t\t\t\t<\/div>\n\t\t<\/section>\n\t\t\t\t<\/div>\n\t\t","protected":false},"excerpt":{"rendered":"<p>Conditions g\u00e9n\u00e9rales de vente et de livraison Acceptation des conditions Toutes nos offres et ordres sont assujettis \u00e0 nos conditions g\u00e9n\u00e9rales de vente et de livraison. Des exceptions ne prennent que force de loi, ci elles sont confirm\u00e9es par le fournisseur par \u00e9crit. D\u00e9lais de livraison Les d\u00e9lais de livraison sont sp\u00e9cifi\u00e9s sans engagement. Des [&hellip;]<\/p>\n","protected":false},"author":10,"featured_media":0,"parent":0,"menu_order":0,"comment_status":"closed","ping_status":"closed","template":"","meta":{"_acf_changed":false,"ocean_post_layout":"","ocean_both_sidebars_style":"","ocean_both_sidebars_content_width":0,"ocean_both_sidebars_sidebars_width":0,"ocean_sidebar":"","ocean_second_sidebar":"","ocean_disable_margins":"enable","ocean_add_body_class":"","ocean_shortcode_before_top_bar":"","ocean_shortcode_after_top_bar":"","ocean_shortcode_before_header":"","ocean_shortcode_after_header":"","ocean_has_shortcode":"","ocean_shortcode_after_title":"","ocean_shortcode_before_footer_widgets":"","ocean_shortcode_after_footer_widgets":"","ocean_shortcode_before_footer_bottom":"","ocean_shortcode_after_footer_bottom":"","ocean_display_top_bar":"default","ocean_display_header":"default","ocean_header_style":"","ocean_center_header_left_menu":"","ocean_custom_header_template":"","ocean_custom_logo":0,"ocean_custom_retina_logo":0,"ocean_custom_logo_max_width":0,"ocean_custom_logo_tablet_max_width":0,"ocean_custom_logo_mobile_max_width":0,"ocean_custom_logo_max_height":0,"ocean_custom_logo_tablet_max_height":0,"ocean_custom_logo_mobile_max_height":0,"ocean_header_custom_menu":"","ocean_menu_typo_font_family":"","ocean_menu_typo_font_subset":"","ocean_menu_typo_font_size":0,"ocean_menu_typo_font_size_tablet":0,"ocean_menu_typo_font_size_mobile":0,"ocean_menu_typo_font_size_unit":"px","ocean_menu_typo_font_weight":"","ocean_menu_typo_font_weight_tablet":"","ocean_menu_typo_font_weight_mobile":"","ocean_menu_typo_transform":"","ocean_menu_typo_transform_tablet":"","ocean_menu_typo_transform_mobile":"","ocean_menu_typo_line_height":0,"ocean_menu_typo_line_height_tablet":0,"ocean_menu_typo_line_height_mobile":0,"ocean_menu_typo_line_height_unit":"","ocean_menu_typo_spacing":0,"ocean_menu_typo_spacing_tablet":0,"ocean_menu_typo_spacing_mobile":0,"ocean_menu_typo_spacing_unit":"","ocean_menu_link_color":"","ocean_menu_link_color_hover":"","ocean_menu_link_color_active":"","ocean_menu_link_background":"","ocean_menu_link_hover_background":"","ocean_menu_link_active_background":"","ocean_menu_social_links_bg":"","ocean_menu_social_hover_links_bg":"","ocean_menu_social_links_color":"","ocean_menu_social_hover_links_color":"","ocean_disable_title":"default","ocean_disable_heading":"default","ocean_post_title":"","ocean_post_subheading":"","ocean_post_title_style":"","ocean_post_title_background_color":"","ocean_post_title_background":0,"ocean_post_title_bg_image_position":"","ocean_post_title_bg_image_attachment":"","ocean_post_title_bg_image_repeat":"","ocean_post_title_bg_image_size":"","ocean_post_title_height":0,"ocean_post_title_bg_overlay":0.5,"ocean_post_title_bg_overlay_color":"","ocean_disable_breadcrumbs":"default","ocean_breadcrumbs_color":"","ocean_breadcrumbs_separator_color":"","ocean_breadcrumbs_links_color":"","ocean_breadcrumbs_links_hover_color":"","ocean_display_footer_widgets":"default","ocean_display_footer_bottom":"default","ocean_custom_footer_template":"","footnotes":""},"produktkategorie":[],"class_list":["post-8196","page","type-page","status-publish","hentry","entry"],"acf":[],"yoast_head":"<!-- This site is optimized with the Yoast SEO plugin v27.3 - https:\/\/yoast.com\/product\/yoast-seo-wordpress\/ -->\n<title>CGV French | Sidler<\/title>\n<meta name=\"robots\" content=\"index, follow, max-snippet:-1, max-image-preview:large, max-video-preview:-1\" \/>\n<link rel=\"canonical\" href=\"https:\/\/www.sidler.swiss\/fr\/cgv-french\/\" \/>\n<meta property=\"og:locale\" content=\"fr_FR\" \/>\n<meta property=\"og:type\" content=\"article\" \/>\n<meta property=\"og:title\" content=\"CGV French | Sidler\" \/>\n<meta property=\"og:description\" content=\"Conditions g\u00e9n\u00e9rales de vente et de livraison Acceptation des conditions Toutes nos offres et ordres sont assujettis \u00e0 nos conditions g\u00e9n\u00e9rales de vente et de livraison. Des exceptions ne prennent que force de loi, ci elles sont confirm\u00e9es par le fournisseur par \u00e9crit. D\u00e9lais de livraison Les d\u00e9lais de livraison sont sp\u00e9cifi\u00e9s sans engagement. Des [&hellip;]\" \/>\n<meta property=\"og:url\" content=\"https:\/\/www.sidler.swiss\/fr\/cgv-french\/\" \/>\n<meta property=\"og:site_name\" content=\"Sidler\" \/>\n<meta property=\"article:modified_time\" content=\"2024-10-07T09:06:18+00:00\" \/>\n<meta name=\"twitter:card\" content=\"summary_large_image\" \/>\n<meta name=\"twitter:label1\" content=\"Dur\u00e9e de lecture estim\u00e9e\" \/>\n\t<meta name=\"twitter:data1\" content=\"3 minutes\" \/>\n<script type=\"application\/ld+json\" class=\"yoast-schema-graph\">{\"@context\":\"https:\\\/\\\/schema.org\",\"@graph\":[{\"@type\":\"WebPage\",\"@id\":\"https:\\\/\\\/www.sidler.swiss\\\/fr\\\/cgv-french\\\/\",\"url\":\"https:\\\/\\\/www.sidler.swiss\\\/fr\\\/cgv-french\\\/\",\"name\":\"CGV French | Sidler\",\"isPartOf\":{\"@id\":\"https:\\\/\\\/www.sidler.swiss\\\/fr\\\/#website\"},\"datePublished\":\"2023-11-06T09:03:33+00:00\",\"dateModified\":\"2024-10-07T09:06:18+00:00\",\"breadcrumb\":{\"@id\":\"https:\\\/\\\/www.sidler.swiss\\\/fr\\\/cgv-french\\\/#breadcrumb\"},\"inLanguage\":\"fr-FR\",\"potentialAction\":[{\"@type\":\"ReadAction\",\"target\":[\"https:\\\/\\\/www.sidler.swiss\\\/fr\\\/cgv-french\\\/\"]}]},{\"@type\":\"BreadcrumbList\",\"@id\":\"https:\\\/\\\/www.sidler.swiss\\\/fr\\\/cgv-french\\\/#breadcrumb\",\"itemListElement\":[{\"@type\":\"ListItem\",\"position\":1,\"name\":\"Home\",\"item\":\"https:\\\/\\\/www.sidler.swiss\\\/fr\\\/\"},{\"@type\":\"ListItem\",\"position\":2,\"name\":\"CGV French\"}]},{\"@type\":\"WebSite\",\"@id\":\"https:\\\/\\\/www.sidler.swiss\\\/fr\\\/#website\",\"url\":\"https:\\\/\\\/www.sidler.swiss\\\/fr\\\/\",\"name\":\"SIDLER Metallwaren\",\"description\":\"\",\"publisher\":{\"@id\":\"https:\\\/\\\/www.sidler.swiss\\\/fr\\\/#organization\"},\"potentialAction\":[{\"@type\":\"SearchAction\",\"target\":{\"@type\":\"EntryPoint\",\"urlTemplate\":\"https:\\\/\\\/www.sidler.swiss\\\/fr\\\/?s={search_term_string}\"},\"query-input\":{\"@type\":\"PropertyValueSpecification\",\"valueRequired\":true,\"valueName\":\"search_term_string\"}}],\"inLanguage\":\"fr-FR\"},{\"@type\":\"Organization\",\"@id\":\"https:\\\/\\\/www.sidler.swiss\\\/fr\\\/#organization\",\"name\":\"SIDLER Metallwaren AG\",\"url\":\"https:\\\/\\\/www.sidler.swiss\\\/fr\\\/\",\"logo\":{\"@type\":\"ImageObject\",\"inLanguage\":\"fr-FR\",\"@id\":\"https:\\\/\\\/www.sidler.swiss\\\/fr\\\/#\\\/schema\\\/logo\\\/image\\\/\",\"url\":\"https:\\\/\\\/www.sidler.swiss\\\/wp-content\\\/uploads\\\/2019\\\/06\\\/sidler.png\",\"contentUrl\":\"https:\\\/\\\/www.sidler.swiss\\\/wp-content\\\/uploads\\\/2019\\\/06\\\/sidler.png\",\"width\":424,\"height\":102,\"caption\":\"SIDLER Metallwaren AG\"},\"image\":{\"@id\":\"https:\\\/\\\/www.sidler.swiss\\\/fr\\\/#\\\/schema\\\/logo\\\/image\\\/\"}}]}<\/script>\n<!-- \/ Yoast SEO plugin. -->","yoast_head_json":{"title":"CGV French | Sidler","robots":{"index":"index","follow":"follow","max-snippet":"max-snippet:-1","max-image-preview":"max-image-preview:large","max-video-preview":"max-video-preview:-1"},"canonical":"https:\/\/www.sidler.swiss\/fr\/cgv-french\/","og_locale":"fr_FR","og_type":"article","og_title":"CGV French | Sidler","og_description":"Conditions g\u00e9n\u00e9rales de vente et de livraison Acceptation des conditions Toutes nos offres et ordres sont assujettis \u00e0 nos conditions g\u00e9n\u00e9rales de vente et de livraison. Des exceptions ne prennent que force de loi, ci elles sont confirm\u00e9es par le fournisseur par \u00e9crit. D\u00e9lais de livraison Les d\u00e9lais de livraison sont sp\u00e9cifi\u00e9s sans engagement. Des [&hellip;]","og_url":"https:\/\/www.sidler.swiss\/fr\/cgv-french\/","og_site_name":"Sidler","article_modified_time":"2024-10-07T09:06:18+00:00","twitter_card":"summary_large_image","twitter_misc":{"Dur\u00e9e de lecture estim\u00e9e":"3 minutes"},"schema":{"@context":"https:\/\/schema.org","@graph":[{"@type":"WebPage","@id":"https:\/\/www.sidler.swiss\/fr\/cgv-french\/","url":"https:\/\/www.sidler.swiss\/fr\/cgv-french\/","name":"CGV French | Sidler","isPartOf":{"@id":"https:\/\/www.sidler.swiss\/fr\/#website"},"datePublished":"2023-11-06T09:03:33+00:00","dateModified":"2024-10-07T09:06:18+00:00","breadcrumb":{"@id":"https:\/\/www.sidler.swiss\/fr\/cgv-french\/#breadcrumb"},"inLanguage":"fr-FR","potentialAction":[{"@type":"ReadAction","target":["https:\/\/www.sidler.swiss\/fr\/cgv-french\/"]}]},{"@type":"BreadcrumbList","@id":"https:\/\/www.sidler.swiss\/fr\/cgv-french\/#breadcrumb","itemListElement":[{"@type":"ListItem","position":1,"name":"Home","item":"https:\/\/www.sidler.swiss\/fr\/"},{"@type":"ListItem","position":2,"name":"CGV French"}]},{"@type":"WebSite","@id":"https:\/\/www.sidler.swiss\/fr\/#website","url":"https:\/\/www.sidler.swiss\/fr\/","name":"SIDLER Metallwaren","description":"","publisher":{"@id":"https:\/\/www.sidler.swiss\/fr\/#organization"},"potentialAction":[{"@type":"SearchAction","target":{"@type":"EntryPoint","urlTemplate":"https:\/\/www.sidler.swiss\/fr\/?s={search_term_string}"},"query-input":{"@type":"PropertyValueSpecification","valueRequired":true,"valueName":"search_term_string"}}],"inLanguage":"fr-FR"},{"@type":"Organization","@id":"https:\/\/www.sidler.swiss\/fr\/#organization","name":"SIDLER Metallwaren AG","url":"https:\/\/www.sidler.swiss\/fr\/","logo":{"@type":"ImageObject","inLanguage":"fr-FR","@id":"https:\/\/www.sidler.swiss\/fr\/#\/schema\/logo\/image\/","url":"https:\/\/www.sidler.swiss\/wp-content\/uploads\/2019\/06\/sidler.png","contentUrl":"https:\/\/www.sidler.swiss\/wp-content\/uploads\/2019\/06\/sidler.png","width":424,"height":102,"caption":"SIDLER Metallwaren AG"},"image":{"@id":"https:\/\/www.sidler.swiss\/fr\/#\/schema\/logo\/image\/"}}]}},"_links":{"self":[{"href":"https:\/\/www.sidler.swiss\/fr\/wp-json\/wp\/v2\/pages\/8196","targetHints":{"allow":["GET"]}}],"collection":[{"href":"https:\/\/www.sidler.swiss\/fr\/wp-json\/wp\/v2\/pages"}],"about":[{"href":"https:\/\/www.sidler.swiss\/fr\/wp-json\/wp\/v2\/types\/page"}],"author":[{"embeddable":true,"href":"https:\/\/www.sidler.swiss\/fr\/wp-json\/wp\/v2\/users\/10"}],"replies":[{"embeddable":true,"href":"https:\/\/www.sidler.swiss\/fr\/wp-json\/wp\/v2\/comments?post=8196"}],"version-history":[{"count":0,"href":"https:\/\/www.sidler.swiss\/fr\/wp-json\/wp\/v2\/pages\/8196\/revisions"}],"wp:attachment":[{"href":"https:\/\/www.sidler.swiss\/fr\/wp-json\/wp\/v2\/media?parent=8196"}],"wp:term":[{"taxonomy":"produktkategorie","embeddable":true,"href":"https:\/\/www.sidler.swiss\/fr\/wp-json\/wp\/v2\/produktkategorie?post=8196"}],"curies":[{"name":"wp","href":"https:\/\/api.w.org\/{rel}","templated":true}]}}