{"id":9934,"date":"2024-10-07T08:56:02","date_gmt":"2024-10-07T08:56:02","guid":{"rendered":"https:\/\/www.sidler.swiss\/?page_id=9934"},"modified":"2024-10-07T08:56:02","modified_gmt":"2024-10-07T08:56:02","slug":"terms-conditions","status":"publish","type":"page","link":"https:\/\/www.sidler.swiss\/en\/terms-conditions\/","title":{"rendered":"Terms &amp; Conditions"},"content":{"rendered":"\t\t<div data-elementor-type=\"wp-page\" data-elementor-id=\"9934\" class=\"elementor elementor-9934\">\n\t\t\t\t\t\t<section class=\"elementor-section elementor-top-section elementor-element elementor-element-5e5209de elementor-section-boxed elementor-section-height-default elementor-section-height-default\" data-id=\"5e5209de\" data-element_type=\"section\" data-e-type=\"section\">\n\t\t\t\t\t\t<div class=\"elementor-container elementor-column-gap-default\">\n\t\t\t\t\t<div class=\"elementor-column elementor-col-100 elementor-top-column elementor-element elementor-element-361c4537\" data-id=\"361c4537\" data-element_type=\"column\" data-e-type=\"column\">\n\t\t\t<div class=\"elementor-widget-wrap elementor-element-populated\">\n\t\t\t\t\t\t<div class=\"elementor-element elementor-element-c9ddcc5 elementor-widget elementor-widget-heading\" data-id=\"c9ddcc5\" data-element_type=\"widget\" data-e-type=\"widget\" data-widget_type=\"heading.default\">\n\t\t\t\t<div class=\"elementor-widget-container\">\n\t\t\t\t\t<h2 class=\"elementor-heading-title elementor-size-default\">Allgemeine Verkaufs- und Lieferbedingungen<\/h2>\t\t\t\t<\/div>\n\t\t\t\t<\/div>\n\t\t\t\t<div class=\"elementor-element elementor-element-5a11aa33 elementor-widget elementor-widget-text-editor\" data-id=\"5a11aa33\" data-element_type=\"widget\" data-e-type=\"widget\" data-widget_type=\"text-editor.default\">\n\t\t\t\t<div class=\"elementor-widget-container\">\n\t\t\t\t\t\t\t\t\t<p><\/p>\n<p><strong style=\"font-size: 14px;\">Anerkennung der Konditionen<\/strong><br><\/p><p>Alle Offerten und Auftr\u00e4ge unterliegen unseren allgemeinen Verkaufs- und Lieferbedingungen. Abweichungen sind nur rechtskr\u00e4ftig, wenn sie durch den Lieferanten schriftlich best\u00e4tigt sind.<br><\/p>\n<p><\/p>\n<p><\/p>\n<p><strong>Liefertermine<\/strong><br>Die vereinbarten Liefertermine sind unverbindlich. Anspr\u00fcche auf Ersatz von Konventionalstrafen oder andere Schadenersatzanspr\u00fcche wegen Nichteinhaltung von Lieferterminen werden nicht anerkannt: Teillieferungen sind zul\u00e4ssig.<br><\/p>\n<p><\/p>\n<p><\/p>\n<p><strong>Garantie<\/strong><br>F\u00fcr verdeckte M\u00e4ngel wird eine Garantie von zwei Jahren gew\u00e4hrt, gerechnet vom Datum der Lieferung. Die Garantieleistung umfasst die Ersatzlieferung der beanstandeten Bestandteile oder Produkte. Ein weiterer Schadenersatz jeder Art wird nicht anerkannt. Verbrauchsteile der elektrischen Installation, die einem normalen Verschleiss unterliegen, sind von der Garantie ausgenommen. Voraussetzungen f\u00fcr eine Garantieleistung sind:<\/p>\n<p><\/p>\n<p><\/p>\n<ul class=\"wp-block-list\"><p><\/p>\n<li>eine Anzeige in schriftlicher Form: diese Anzeige<br>berechtigt uns, den Mangel an Ort und Stelle zu pr\u00fcfen<\/li>\n<p><\/p>\n<p><\/p>\n<li>das Produkt muss fachgerecht montiert und behandelt<br>worden sein<\/li>\n<p><\/p>\n<p><\/p>\n<li>die Beanstandung muss eindeutig auf einen Materialoder Fabrikationsfehler zur\u00fcckzuf\u00fchren sein<\/li>\n<p><\/p>\n<\/ul>\n<p><\/p>\n<p><\/p>\n<p><br><strong>Eigentumsvorbehalt<\/strong><br>Die Ware bleibt bis zur vollst\u00e4ndigen Bezahlung der Rechnung Eigentum der Firma SIDLER Metallwaren AG.<\/p>\n<p><\/p>\n<p><\/p>\n<p><br><strong>Kontrolle der Ware<\/strong><br>Der K\u00e4ufer hat die Pflicht, die Lieferung sofort zu kontrollieren. Beanstandungen m\u00fcssen innerhalb 8 Tagen gemeldet werden. Andernfalls gilt die Lieferung als akzeptiert. Transportsch\u00e4den sind als solche zu deklarieren und m\u00fcssen gleichzeitig dem \u00dcberbringer  Transportfirma) und SIDLER Metallwaren AG mitgeteilt werden.<\/p>\n<p><\/p>\n<p><\/p>\n<p><strong><br>M\u00e4ngelr\u00fcgen, Haftung<\/strong><br>M\u00e4ngelr\u00fcgen und Beanstandungen sind unverz\u00fcglich unter Angabe der Gr\u00fcnde zu melden. Sie k\u00f6nnen innerhalb einer Frist von 8 Tagen nach Erhalt der Ware geltend gemacht werden. F\u00fcr berechtigte Beanstandungen liefern wir Ersatz. Anderweitige Anspr\u00fcche gleich welcher Art sind ausgeschlossen.<\/p>\n<p><\/p>\n<p><\/p>\n<p><br><strong>Retouren<\/strong><br>Voraussetzungen f\u00fcr eine Waren-R\u00fccknahme sind:<\/p>\n<p><\/p>\n<p><\/p>\n<ul class=\"wp-block-list\"><p><\/p>\n<li>eine R\u00fccknahme kann nur erfolgen, wenn sie vorher von SIDLER Metallwaren AG akzeptiert wurde<\/li>\n<p><\/p>\n<p><\/p>\n<li>die Gutschrift der retournierten Ware erfolgt erst aufgrund der Waren-Eingangskontrolle<\/li>\n<p><\/p>\n<p><\/p>\n<li>in jedem Fall wird 30 % des bezahlten Wertes f\u00fcr die Funktions-Kontrolle in Abzug gebracht<\/li>\n<p><\/p>\n<p><\/p>\n<li>R\u00fccksendungen m\u00fcssen franko Haus erfolgen<\/li>\n<p><\/p>\n<\/ul>\n<p><\/p>\n<p><\/p>\n<p><br><strong>Zahlung<\/strong><br>Alle Rechnungen sind zu den vereinbarten Terminen zu bezahlen. Bei \u00dcberschreiten des vereinbarten Zahlungstermines tritt ohne Mahnung der Verzug ein. Der Lieferant ist dann berechtigt, f\u00fcr diese Forderungen den handels\u00fcblichen Zinssatz zu belasten.<\/p>\n<p><\/p>\n<p><\/p>\n<p><br><strong>Erf\u00fcllungsort<\/strong><br>Erf\u00fcllungsort und Gerichtsort f\u00fcr den K\u00e4ufer und f\u00fcr SIDLER Metallwaren AG ist Romanshorn<\/p>\n<p><\/p>\t\t\t\t\t\t\t\t<\/div>\n\t\t\t\t<\/div>\n\t\t\t\t<div class=\"elementor-element elementor-element-3b4f347 elementor-widget elementor-widget-button\" data-id=\"3b4f347\" data-element_type=\"widget\" data-e-type=\"widget\" data-widget_type=\"button.default\">\n\t\t\t\t<div class=\"elementor-widget-container\">\n\t\t\t\t\t\t\t\t\t<div class=\"elementor-button-wrapper\">\n\t\t\t\t\t<a class=\"elementor-button elementor-button-link elementor-size-sm\" href=\"https:\/\/www.sidler.swiss\/wp-content\/uploads\/2023\/11\/agb.pdf\" target=\"_blank\">\n\t\t\t\t\t\t<span class=\"elementor-button-content-wrapper\">\n\t\t\t\t\t\t\t\t\t<span class=\"elementor-button-text\">Download<\/span>\n\t\t\t\t\t<\/span>\n\t\t\t\t\t<\/a>\n\t\t\t\t<\/div>\n\t\t\t\t\t\t\t\t<\/div>\n\t\t\t\t<\/div>\n\t\t\t\t\t<\/div>\n\t\t<\/div>\n\t\t\t\t\t<\/div>\n\t\t<\/section>\n\t\t\t\t<\/div>\n\t\t","protected":false},"excerpt":{"rendered":"","protected":false},"author":10,"featured_media":0,"parent":0,"menu_order":0,"comment_status":"closed","ping_status":"closed","template":"","meta":{"_acf_changed":false,"ocean_post_layout":"","ocean_both_sidebars_style":"","ocean_both_sidebars_content_width":0,"ocean_both_sidebars_sidebars_width":0,"ocean_sidebar":"","ocean_second_sidebar":"","ocean_disable_margins":"enable","ocean_add_body_class":"","ocean_shortcode_before_top_bar":"","ocean_shortcode_after_top_bar":"","ocean_shortcode_before_header":"","ocean_shortcode_after_header":"","ocean_has_shortcode":"","ocean_shortcode_after_title":"","ocean_shortcode_before_footer_widgets":"","ocean_shortcode_after_footer_widgets":"","ocean_shortcode_before_footer_bottom":"","ocean_shortcode_after_footer_bottom":"","ocean_display_top_bar":"default","ocean_display_header":"default","ocean_header_style":"","ocean_center_header_left_menu":"","ocean_custom_header_template":"","ocean_custom_logo":0,"ocean_custom_retina_logo":0,"ocean_custom_logo_max_width":0,"ocean_custom_logo_tablet_max_width":0,"ocean_custom_logo_mobile_max_width":0,"ocean_custom_logo_max_height":0,"ocean_custom_logo_tablet_max_height":0,"ocean_custom_logo_mobile_max_height":0,"ocean_header_custom_menu":"","ocean_menu_typo_font_family":"","ocean_menu_typo_font_subset":"","ocean_menu_typo_font_size":0,"ocean_menu_typo_font_size_tablet":0,"ocean_menu_typo_font_size_mobile":0,"ocean_menu_typo_font_size_unit":"px","ocean_menu_typo_font_weight":"","ocean_menu_typo_font_weight_tablet":"","ocean_menu_typo_font_weight_mobile":"","ocean_menu_typo_transform":"","ocean_menu_typo_transform_tablet":"","ocean_menu_typo_transform_mobile":"","ocean_menu_typo_line_height":0,"ocean_menu_typo_line_height_tablet":0,"ocean_menu_typo_line_height_mobile":0,"ocean_menu_typo_line_height_unit":"","ocean_menu_typo_spacing":0,"ocean_menu_typo_spacing_tablet":0,"ocean_menu_typo_spacing_mobile":0,"ocean_menu_typo_spacing_unit":"","ocean_menu_link_color":"","ocean_menu_link_color_hover":"","ocean_menu_link_color_active":"","ocean_menu_link_background":"","ocean_menu_link_hover_background":"","ocean_menu_link_active_background":"","ocean_menu_social_links_bg":"","ocean_menu_social_hover_links_bg":"","ocean_menu_social_links_color":"","ocean_menu_social_hover_links_color":"","ocean_disable_title":"default","ocean_disable_heading":"default","ocean_post_title":"","ocean_post_subheading":"","ocean_post_title_style":"","ocean_post_title_background_color":"","ocean_post_title_background":0,"ocean_post_title_bg_image_position":"","ocean_post_title_bg_image_attachment":"","ocean_post_title_bg_image_repeat":"","ocean_post_title_bg_image_size":"","ocean_post_title_height":0,"ocean_post_title_bg_overlay":0.5,"ocean_post_title_bg_overlay_color":"","ocean_disable_breadcrumbs":"default","ocean_breadcrumbs_color":"","ocean_breadcrumbs_separator_color":"","ocean_breadcrumbs_links_color":"","ocean_breadcrumbs_links_hover_color":"","ocean_display_footer_widgets":"default","ocean_display_footer_bottom":"default","ocean_custom_footer_template":"","footnotes":""},"produktkategorie":[],"class_list":["post-9934","page","type-page","status-publish","hentry","entry"],"acf":[],"yoast_head":"<!-- This site is optimized with the Yoast SEO plugin v27.3 - https:\/\/yoast.com\/product\/yoast-seo-wordpress\/ -->\n<title>Terms &amp; Conditions | Sidler<\/title>\n<meta name=\"robots\" content=\"index, follow, max-snippet:-1, max-image-preview:large, max-video-preview:-1\" \/>\n<link rel=\"canonical\" href=\"https:\/\/www.sidler.swiss\/en\/terms-conditions\/\" \/>\n<meta property=\"og:locale\" content=\"en_US\" \/>\n<meta property=\"og:type\" content=\"article\" \/>\n<meta property=\"og:title\" content=\"Terms &amp; Conditions | Sidler\" \/>\n<meta property=\"og:url\" content=\"https:\/\/www.sidler.swiss\/en\/terms-conditions\/\" \/>\n<meta property=\"og:site_name\" content=\"Sidler\" \/>\n<meta name=\"twitter:card\" content=\"summary_large_image\" \/>\n<script type=\"application\/ld+json\" class=\"yoast-schema-graph\">{\"@context\":\"https:\\\/\\\/schema.org\",\"@graph\":[{\"@type\":\"WebPage\",\"@id\":\"https:\\\/\\\/www.sidler.swiss\\\/en\\\/terms-conditions\\\/\",\"url\":\"https:\\\/\\\/www.sidler.swiss\\\/en\\\/terms-conditions\\\/\",\"name\":\"Terms &amp; Conditions | Sidler\",\"isPartOf\":{\"@id\":\"https:\\\/\\\/www.sidler.swiss\\\/en\\\/#website\"},\"datePublished\":\"2024-10-07T08:56:02+00:00\",\"breadcrumb\":{\"@id\":\"https:\\\/\\\/www.sidler.swiss\\\/en\\\/terms-conditions\\\/#breadcrumb\"},\"inLanguage\":\"en-US\",\"potentialAction\":[{\"@type\":\"ReadAction\",\"target\":[\"https:\\\/\\\/www.sidler.swiss\\\/en\\\/terms-conditions\\\/\"]}]},{\"@type\":\"BreadcrumbList\",\"@id\":\"https:\\\/\\\/www.sidler.swiss\\\/en\\\/terms-conditions\\\/#breadcrumb\",\"itemListElement\":[{\"@type\":\"ListItem\",\"position\":1,\"name\":\"Home\",\"item\":\"https:\\\/\\\/www.sidler.swiss\\\/en\\\/\"},{\"@type\":\"ListItem\",\"position\":2,\"name\":\"Terms &amp; Conditions\"}]},{\"@type\":\"WebSite\",\"@id\":\"https:\\\/\\\/www.sidler.swiss\\\/en\\\/#website\",\"url\":\"https:\\\/\\\/www.sidler.swiss\\\/en\\\/\",\"name\":\"SIDLER Metallwaren\",\"description\":\"\",\"publisher\":{\"@id\":\"https:\\\/\\\/www.sidler.swiss\\\/en\\\/#organization\"},\"potentialAction\":[{\"@type\":\"SearchAction\",\"target\":{\"@type\":\"EntryPoint\",\"urlTemplate\":\"https:\\\/\\\/www.sidler.swiss\\\/en\\\/?s={search_term_string}\"},\"query-input\":{\"@type\":\"PropertyValueSpecification\",\"valueRequired\":true,\"valueName\":\"search_term_string\"}}],\"inLanguage\":\"en-US\"},{\"@type\":\"Organization\",\"@id\":\"https:\\\/\\\/www.sidler.swiss\\\/en\\\/#organization\",\"name\":\"SIDLER Metallwaren AG\",\"url\":\"https:\\\/\\\/www.sidler.swiss\\\/en\\\/\",\"logo\":{\"@type\":\"ImageObject\",\"inLanguage\":\"en-US\",\"@id\":\"https:\\\/\\\/www.sidler.swiss\\\/en\\\/#\\\/schema\\\/logo\\\/image\\\/\",\"url\":\"https:\\\/\\\/www.sidler.swiss\\\/wp-content\\\/uploads\\\/2019\\\/06\\\/sidler.png\",\"contentUrl\":\"https:\\\/\\\/www.sidler.swiss\\\/wp-content\\\/uploads\\\/2019\\\/06\\\/sidler.png\",\"width\":424,\"height\":102,\"caption\":\"SIDLER Metallwaren AG\"},\"image\":{\"@id\":\"https:\\\/\\\/www.sidler.swiss\\\/en\\\/#\\\/schema\\\/logo\\\/image\\\/\"}}]}<\/script>\n<!-- \/ Yoast SEO plugin. -->","yoast_head_json":{"title":"Terms &amp; Conditions | Sidler","robots":{"index":"index","follow":"follow","max-snippet":"max-snippet:-1","max-image-preview":"max-image-preview:large","max-video-preview":"max-video-preview:-1"},"canonical":"https:\/\/www.sidler.swiss\/en\/terms-conditions\/","og_locale":"en_US","og_type":"article","og_title":"Terms &amp; Conditions | Sidler","og_url":"https:\/\/www.sidler.swiss\/en\/terms-conditions\/","og_site_name":"Sidler","twitter_card":"summary_large_image","schema":{"@context":"https:\/\/schema.org","@graph":[{"@type":"WebPage","@id":"https:\/\/www.sidler.swiss\/en\/terms-conditions\/","url":"https:\/\/www.sidler.swiss\/en\/terms-conditions\/","name":"Terms &amp; Conditions | Sidler","isPartOf":{"@id":"https:\/\/www.sidler.swiss\/en\/#website"},"datePublished":"2024-10-07T08:56:02+00:00","breadcrumb":{"@id":"https:\/\/www.sidler.swiss\/en\/terms-conditions\/#breadcrumb"},"inLanguage":"en-US","potentialAction":[{"@type":"ReadAction","target":["https:\/\/www.sidler.swiss\/en\/terms-conditions\/"]}]},{"@type":"BreadcrumbList","@id":"https:\/\/www.sidler.swiss\/en\/terms-conditions\/#breadcrumb","itemListElement":[{"@type":"ListItem","position":1,"name":"Home","item":"https:\/\/www.sidler.swiss\/en\/"},{"@type":"ListItem","position":2,"name":"Terms &amp; Conditions"}]},{"@type":"WebSite","@id":"https:\/\/www.sidler.swiss\/en\/#website","url":"https:\/\/www.sidler.swiss\/en\/","name":"SIDLER Metallwaren","description":"","publisher":{"@id":"https:\/\/www.sidler.swiss\/en\/#organization"},"potentialAction":[{"@type":"SearchAction","target":{"@type":"EntryPoint","urlTemplate":"https:\/\/www.sidler.swiss\/en\/?s={search_term_string}"},"query-input":{"@type":"PropertyValueSpecification","valueRequired":true,"valueName":"search_term_string"}}],"inLanguage":"en-US"},{"@type":"Organization","@id":"https:\/\/www.sidler.swiss\/en\/#organization","name":"SIDLER Metallwaren AG","url":"https:\/\/www.sidler.swiss\/en\/","logo":{"@type":"ImageObject","inLanguage":"en-US","@id":"https:\/\/www.sidler.swiss\/en\/#\/schema\/logo\/image\/","url":"https:\/\/www.sidler.swiss\/wp-content\/uploads\/2019\/06\/sidler.png","contentUrl":"https:\/\/www.sidler.swiss\/wp-content\/uploads\/2019\/06\/sidler.png","width":424,"height":102,"caption":"SIDLER Metallwaren AG"},"image":{"@id":"https:\/\/www.sidler.swiss\/en\/#\/schema\/logo\/image\/"}}]}},"_links":{"self":[{"href":"https:\/\/www.sidler.swiss\/en\/wp-json\/wp\/v2\/pages\/9934","targetHints":{"allow":["GET"]}}],"collection":[{"href":"https:\/\/www.sidler.swiss\/en\/wp-json\/wp\/v2\/pages"}],"about":[{"href":"https:\/\/www.sidler.swiss\/en\/wp-json\/wp\/v2\/types\/page"}],"author":[{"embeddable":true,"href":"https:\/\/www.sidler.swiss\/en\/wp-json\/wp\/v2\/users\/10"}],"replies":[{"embeddable":true,"href":"https:\/\/www.sidler.swiss\/en\/wp-json\/wp\/v2\/comments?post=9934"}],"version-history":[{"count":0,"href":"https:\/\/www.sidler.swiss\/en\/wp-json\/wp\/v2\/pages\/9934\/revisions"}],"wp:attachment":[{"href":"https:\/\/www.sidler.swiss\/en\/wp-json\/wp\/v2\/media?parent=9934"}],"wp:term":[{"taxonomy":"produktkategorie","embeddable":true,"href":"https:\/\/www.sidler.swiss\/en\/wp-json\/wp\/v2\/produktkategorie?post=9934"}],"curies":[{"name":"wp","href":"https:\/\/api.w.org\/{rel}","templated":true}]}}